{"id":349,"date":"2019-01-17T10:54:00","date_gmt":"2019-01-17T10:54:00","guid":{"rendered":"https:\/\/metalicastellez.com\/?page_id=349"},"modified":"2019-02-06T09:13:26","modified_gmt":"2019-02-06T09:13:26","slug":"estructuras-metalicas","status":"publish","type":"page","link":"https:\/\/metalicastellez.com\/index.php\/servicios\/estructuras-metalicas\/","title":{"rendered":"Estructuras Met\u00e1licas"},"content":{"rendered":"<div   data-size='featured'  data-lightbox_size='large'  data-animation='slide'  data-conditional_play=''  data-ids='451,450,449'  data-video_counter='0'  data-autoplay='false'  data-bg_slider='false'  data-slide_height=''  data-handle='av_slideshow'  data-interval='5'  data-class=' avia-builder-el-0  el_before_av_one_full  avia-builder-el-first  '  data-el_id=''  data-css_id=''  data-scroll_down=''  data-control_layout='av-control-minimal'  data-custom_markup=''  data-perma_caption=''  data-autoplay_stopper=''  data-image_attachment=''  data-min_height='0px'  data-default-height='28.666666666667'  class='avia-slideshow avia-slideshow-1  av-control-minimal av-default-height-applied avia-slideshow-featured av_slideshow  avia-builder-el-0  el_before_av_one_full  avia-builder-el-first   avia-slide-slider '  itemprop=\"image\" itemscope=\"itemscope\" itemtype=\"https:\/\/schema.org\/ImageObject\" ><ul class='avia-slideshow-inner ' style='padding-bottom: 28.666666666667%;' ><li  class=' slide-1 ' ><div data-rel='slideshow-1' class='avia-slide-wrap '   ><img src='https:\/\/metalicastellez.com\/wp-content\/uploads\/2019\/01\/Estructuras-Met\u00e1licas-1500x430.jpg' width='1500' height='430' title='Estructuras Met\u00e1licas' alt=''  itemprop=\"thumbnailUrl\"   \/><\/div><\/li><li  class=' slide-2 ' ><div data-rel='slideshow-1' class='avia-slide-wrap '   ><img src='https:\/\/metalicastellez.com\/wp-content\/uploads\/2019\/01\/Estructuras-Met\u00e1licas-3-1500x430.jpg' width='1500' height='430' title='Estructuras Met\u00e1licas' alt=''  itemprop=\"thumbnailUrl\"   \/><\/div><\/li><li  class=' slide-3 ' ><div data-rel='slideshow-1' class='avia-slide-wrap '   ><img src='https:\/\/metalicastellez.com\/wp-content\/uploads\/2019\/01\/Estructuras-Met\u00e1licas-2-1500x430.jpg' width='1500' height='430' title='Estructuras Met\u00e1licas' alt=''  itemprop=\"thumbnailUrl\"   \/><\/div><\/li><\/ul><div class='avia-slideshow-arrows avia-slideshow-controls'><a href='#prev' class='prev-slide' aria-hidden='true' data-av_icon='\ue87c' data-av_iconfont='entypo-fontello'>Anterior<\/a><a href='#next' class='next-slide' aria-hidden='true' data-av_icon='\ue87d' data-av_iconfont='entypo-fontello'>Posterior<\/a><\/div><div class='avia-slideshow-dots avia-slideshow-controls'><a href='#1' class='goto-slide active' >1<\/a><a href='#2' class='goto-slide ' >2<\/a><a href='#3' class='goto-slide ' >3<\/a><\/div><\/div>\n<div class=\"flex_column av_one_full  flex_column_div av-zero-column-padding first  avia-builder-el-1  el_after_av_slideshow  el_before_av_two_fifth  \" style='border-radius:0px; '><div  style='padding-bottom:10px; ' class='av-special-heading av-special-heading-h2    avia-builder-el-2  avia-builder-el-no-sibling  '><h2 class='av-special-heading-tag '  itemprop=\"headline\"  >Estructuras Met\u00e1licas<\/h2><div class='special-heading-border'><div class='special-heading-inner-border' ><\/div><\/div><\/div><\/div>\n<div class=\"flex_column av_two_fifth  flex_column_div av-zero-column-padding first  avia-builder-el-3  el_after_av_one_full  el_before_av_three_fifth  column-top-margin\" style='border-radius:0px; '><section class=\"av_textblock_section \"  itemscope=\"itemscope\" itemtype=\"https:\/\/schema.org\/CreativeWork\" ><div class='avia_textblock  '   itemprop=\"text\" ><p style=\"text-align: justify;\">Met\u00e1licas Tellez crea la estructura que usted necesita, tanto para interior como para exterior.<br \/>\nEn los \u00faltimos 30 a\u00f1os hemos creado mucha variedad de estructuras como escaleras, l\u00e1mparas, mesas, ventanas, \u00e9tc&#8230;<\/p>\n<\/div><\/section><\/div>\n<div class=\"flex_column av_three_fifth  flex_column_div av-zero-column-padding   avia-builder-el-5  el_after_av_two_fifth  avia-builder-el-last  column-top-margin\" style='border-radius:0px; '><div id='av-masonry-1' class='av-masonry  noHover av-fixed-size av-large-gap av-hover-overlay- av-masonry-animation-active av-masonry-col-3 av-caption-always av-caption-style- av-masonry-gallery     '  ><div class='av-masonry-container isotope av-js-disabled ' ><div class='av-masonry-entry isotope-item av-masonry-item-no-image '><\/div><a href=\"https:\/\/metalicastellez.com\/wp-content\/uploads\/2019\/01\/Estructuras-Met\u00e1licas-02.jpg\" id='av-masonry-1-item-454' data-av-masonry-item='454' class='av-masonry-entry isotope-item post-454 attachment type-attachment status-inherit hentry  av-masonry-item-with-image av-grid-img' title=\"Estructuras Met\u00e1licas\"  itemprop=\"thumbnailUrl\" ><div class='av-inner-masonry-sizer'><\/div><figure class='av-inner-masonry main_color'><div class=\"av-masonry-outerimage-container\"><div class=\"av-masonry-image-container\" style=\"background-image: url(https:\/\/metalicastellez.com\/wp-content\/uploads\/2019\/01\/Estructuras-Met\u00e1licas-02-705x571.jpg);\" title=\"Estructuras Met\u00e1licas\" ><\/div><\/div><\/figure><\/a><!--end av-masonry entry--><a href=\"https:\/\/metalicastellez.com\/wp-content\/uploads\/2019\/01\/Estructuras-Met\u00e1licas-01.jpg\" id='av-masonry-1-item-453' data-av-masonry-item='453' class='av-masonry-entry isotope-item post-453 attachment type-attachment status-inherit hentry  av-masonry-item-with-image av-grid-img' title=\"Estructuras Met\u00e1licas\"  itemprop=\"thumbnailUrl\" ><div class='av-inner-masonry-sizer'><\/div><figure class='av-inner-masonry main_color'><div class=\"av-masonry-outerimage-container\"><div class=\"av-masonry-image-container\" style=\"background-image: url(https:\/\/metalicastellez.com\/wp-content\/uploads\/2019\/01\/Estructuras-Met\u00e1licas-01-705x571.jpg);\" title=\"Estructuras Met\u00e1licas\" ><\/div><\/div><\/figure><\/a><!--end av-masonry entry--><a href=\"https:\/\/metalicastellez.com\/wp-content\/uploads\/2019\/01\/Foto-26-1-18-13-06-07.jpg\" id='av-masonry-1-item-708' data-av-masonry-item='708' class='av-masonry-entry isotope-item post-708 attachment type-attachment status-inherit hentry  av-masonry-item-with-image av-grid-img' title=\"L\u00e1mpara Club H\u00edpico Botafuegos\"  itemprop=\"thumbnailUrl\" ><div class='av-inner-masonry-sizer'><\/div><figure class='av-inner-masonry main_color'><div class=\"av-masonry-outerimage-container\"><div class=\"av-masonry-image-container\" style=\"background-image: url(https:\/\/metalicastellez.com\/wp-content\/uploads\/2019\/01\/Foto-26-1-18-13-06-07-705x529.jpg);\" title=\"L\u00e1mpara Club H\u00edpico Botafuegos\" ><\/div><\/div><\/figure><\/a><!--end av-masonry entry--><a href=\"https:\/\/metalicastellez.com\/wp-content\/uploads\/2019\/01\/Foto-26-1-18-13-07-15.jpg\" id='av-masonry-1-item-709' data-av-masonry-item='709' class='av-masonry-entry isotope-item post-709 attachment type-attachment status-inherit hentry  av-masonry-item-with-image av-grid-img' title=\"Estructura Met\u00e1lica de Mesa\"  itemprop=\"thumbnailUrl\" ><div class='av-inner-masonry-sizer'><\/div><figure class='av-inner-masonry main_color'><div class=\"av-masonry-outerimage-container\"><div class=\"av-masonry-image-container\" style=\"background-image: url(https:\/\/metalicastellez.com\/wp-content\/uploads\/2019\/01\/Foto-26-1-18-13-07-15-705x529.jpg);\" title=\"Estructura Met\u00e1lica de Mesa\" ><\/div><\/div><\/figure><\/a><!--end av-masonry entry--><a href=\"https:\/\/metalicastellez.com\/wp-content\/uploads\/2019\/01\/Foto-26-1-18-13-10-26-773x1030.jpg\" id='av-masonry-1-item-710' data-av-masonry-item='710' class='av-masonry-entry isotope-item post-710 attachment type-attachment status-inherit hentry  av-masonry-item-with-image av-grid-img' title=\"Estructura Met\u00e1lica de Escaleras\"  itemprop=\"thumbnailUrl\" ><div class='av-inner-masonry-sizer'><\/div><figure class='av-inner-masonry main_color'><div class=\"av-masonry-outerimage-container\"><div class=\"av-masonry-image-container\" style=\"background-image: url(https:\/\/metalicastellez.com\/wp-content\/uploads\/2019\/01\/Foto-26-1-18-13-10-26-529x705.jpg);\" title=\"Estructura Met\u00e1lica de Escaleras\" ><\/div><\/div><\/figure><\/a><!--end av-masonry entry--><a href=\"https:\/\/metalicastellez.com\/wp-content\/uploads\/2019\/01\/Foto-26-1-18-13-07-45.jpg\" id='av-masonry-1-item-714' data-av-masonry-item='714' class='av-masonry-entry isotope-item post-714 attachment type-attachment status-inherit hentry  av-masonry-item-with-image av-grid-img' title=\"Foto 26-1-18 13 07 45\"  itemprop=\"thumbnailUrl\" ><div class='av-inner-masonry-sizer'><\/div><figure class='av-inner-masonry main_color'><div class=\"av-masonry-outerimage-container\"><div class=\"av-masonry-image-container\" style=\"background-image: url(https:\/\/metalicastellez.com\/wp-content\/uploads\/2019\/01\/Foto-26-1-18-13-07-45-529x705.jpg);\" title=\"Foto 26-1-18 13 07 45\" ><\/div><\/div><\/figure><\/a><!--end av-masonry entry--><a href=\"https:\/\/metalicastellez.com\/wp-content\/uploads\/2019\/01\/Estructura-Met\u00e1lica-de-viga.jpg\" id='av-masonry-1-item-717' data-av-masonry-item='717' class='av-masonry-entry isotope-item post-717 attachment type-attachment status-inherit hentry  av-masonry-item-with-image av-grid-img' title=\"Estructura Met\u00e1lica de viga\"  itemprop=\"thumbnailUrl\" ><div class='av-inner-masonry-sizer'><\/div><figure class='av-inner-masonry main_color'><div class=\"av-masonry-outerimage-container\"><div class=\"av-masonry-image-container\" style=\"background-image: url(https:\/\/metalicastellez.com\/wp-content\/uploads\/2019\/01\/Estructura-Met\u00e1lica-de-viga-705x529.jpg);\" title=\"Estructura Met\u00e1lica de viga\" ><\/div><\/div><\/figure><\/a><!--end av-masonry entry--><a href=\"https:\/\/metalicastellez.com\/wp-content\/uploads\/2015\/10\/Foto-26-1-18-13-04-29.jpg\" id='av-masonry-1-item-525' data-av-masonry-item='525' class='av-masonry-entry isotope-item post-525 attachment type-attachment status-inherit hentry  av-masonry-item-with-image av-grid-img' title=\"Escaleras Club H\u00edpica Botafuegos\"  itemprop=\"thumbnailUrl\" ><div class='av-inner-masonry-sizer'><\/div><figure class='av-inner-masonry main_color'><div class=\"av-masonry-outerimage-container\"><div class=\"av-masonry-image-container\" style=\"background-image: url(https:\/\/metalicastellez.com\/wp-content\/uploads\/2015\/10\/Foto-26-1-18-13-04-29-529x705.jpg);\" title=\"Escaleras Club H\u00edpica Botafuegos\" ><\/div><\/div><\/figure><\/a><!--end av-masonry entry--><\/div><\/div><\/div>\n","protected":false},"excerpt":{"rendered":"","protected":false},"author":1,"featured_media":0,"parent":25,"menu_order":0,"comment_status":"closed","ping_status":"closed","template":"","meta":[],"_links":{"self":[{"href":"https:\/\/metalicastellez.com\/index.php\/wp-json\/wp\/v2\/pages\/349"}],"collection":[{"href":"https:\/\/metalicastellez.com\/index.php\/wp-json\/wp\/v2\/pages"}],"about":[{"href":"https:\/\/metalicastellez.com\/index.php\/wp-json\/wp\/v2\/types\/page"}],"author":[{"embeddable":true,"href":"https:\/\/metalicastellez.com\/index.php\/wp-json\/wp\/v2\/users\/1"}],"replies":[{"embeddable":true,"href":"https:\/\/metalicastellez.com\/index.php\/wp-json\/wp\/v2\/comments?post=349"}],"version-history":[{"count":5,"href":"https:\/\/metalicastellez.com\/index.php\/wp-json\/wp\/v2\/pages\/349\/revisions"}],"predecessor-version":[{"id":904,"href":"https:\/\/metalicastellez.com\/index.php\/wp-json\/wp\/v2\/pages\/349\/revisions\/904"}],"up":[{"embeddable":true,"href":"https:\/\/metalicastellez.com\/index.php\/wp-json\/wp\/v2\/pages\/25"}],"wp:attachment":[{"href":"https:\/\/metalicastellez.com\/index.php\/wp-json\/wp\/v2\/media?parent=349"}],"curies":[{"name":"wp","href":"https:\/\/api.w.org\/{rel}","templated":true}]}}