{"id":142,"date":"2015-10-22T15:32:34","date_gmt":"2015-10-22T15:32:34","guid":{"rendered":"http:\/\/test.kriesi.at\/construction\/?page_id=142"},"modified":"2020-11-27T10:38:48","modified_gmt":"2020-11-27T10:38:48","slug":"acero-inoxidable","status":"publish","type":"page","link":"https:\/\/metalicastellez.com\/index.php\/servicios\/acero-inoxidable\/","title":{"rendered":"Acero Inoxidable"},"content":{"rendered":"<div   data-size='featured_large'  data-lightbox_size='large'  data-animation='slide'  data-conditional_play=''  data-ids='414,413,627'  data-video_counter='0'  data-autoplay='true'  data-bg_slider='false'  data-slide_height=''  data-handle='av_slideshow'  data-interval='5'  data-class=' avia-builder-el-0  el_before_av_one_full  avia-builder-el-first  '  data-el_id=''  data-css_id=''  data-scroll_down=''  data-control_layout='av-control-minimal av-control-minimal-dark'  data-custom_markup=''  data-perma_caption=''  data-autoplay_stopper=''  data-image_attachment=''  data-min_height='0px'  data-default-height='42'  class='avia-slideshow avia-slideshow-1  av-control-minimal av-control-minimal-dark av-default-height-applied avia-slideshow-featured_large av_slideshow  avia-builder-el-0  el_before_av_one_full  avia-builder-el-first   avia-slide-slider '  itemprop=\"image\" itemscope=\"itemscope\" itemtype=\"https:\/\/schema.org\/ImageObject\" ><ul class='avia-slideshow-inner ' style='padding-bottom: 42%;' ><li  class=' slide-1 ' ><div data-rel='slideshow-1' class='avia-slide-wrap '   ><img src='https:\/\/metalicastellez.com\/wp-content\/uploads\/2019\/01\/Acero-Inoxidable.jpg' width='1500' height='630' title='Acero Inoxidable' alt=''  itemprop=\"thumbnailUrl\"   \/><\/div><\/li><li  class=' slide-2 ' ><div data-rel='slideshow-1' class='avia-slide-wrap '   ><img src='https:\/\/metalicastellez.com\/wp-content\/uploads\/2019\/01\/Acero-Inoxidable-2.jpg' width='1500' height='630' title='Acero Inoxidable' alt=''  itemprop=\"thumbnailUrl\"   \/><\/div><\/li><li  class=' slide-3 ' ><div data-rel='slideshow-1' class='avia-slide-wrap '   ><img src='https:\/\/metalicastellez.com\/wp-content\/uploads\/2019\/01\/Barandilla-Acero-Inoxidable-02.jpg' width='1500' height='630' title='Barandilla Acero Inoxidable' alt=''  itemprop=\"thumbnailUrl\"   \/><\/div><\/li><\/ul><div class='avia-slideshow-arrows avia-slideshow-controls'><a href='#prev' class='prev-slide' aria-hidden='true' data-av_icon='\ue87c' data-av_iconfont='entypo-fontello'>Anterior<\/a><a href='#next' class='next-slide' aria-hidden='true' data-av_icon='\ue87d' data-av_iconfont='entypo-fontello'>Posterior<\/a><\/div><div class='avia-slideshow-dots avia-slideshow-controls'><a href='#1' class='goto-slide active' >1<\/a><a href='#2' class='goto-slide ' >2<\/a><a href='#3' class='goto-slide ' >3<\/a><\/div><\/div>\n<div class=\"flex_column av_one_full  av-animated-generic bottom-to-top  flex_column_div av-zero-column-padding first  avia-builder-el-1  el_after_av_slideshow  el_before_av_two_fifth  \" style='margin-top:0px; margin-bottom:0px; border-radius:0px; '><p><div  style='padding-bottom:0px; ' class='av-special-heading av-special-heading-h2  blockquote modern-quote  avia-builder-el-2  el_before_av_hr  avia-builder-el-first  '><h2 class='av-special-heading-tag '  itemprop=\"headline\"  >Acero Inoxidable<\/h2><div class='special-heading-border'><div class='special-heading-inner-border' ><\/div><\/div><\/div><br \/>\n<div  style=' margin-top:10px; margin-bottom:10px;'  class='hr hr-custom hr-left hr-icon-no   avia-builder-el-3  el_after_av_heading  avia-builder-el-last '><span class='hr-inner  inner-border-av-border-fat' style=' width:50px; border-color:#efbb20;' ><span class='hr-inner-style'><\/span><\/span><\/div><\/p><\/div>\n<div class=\"flex_column av_two_fifth  av-animated-generic bottom-to-top  flex_column_div av-zero-column-padding first  avia-builder-el-4  el_after_av_one_full  el_before_av_three_fifth  column-top-margin\" style='margin-top:0px; margin-bottom:0px; border-radius:0px; '><section class=\"av_textblock_section \"  itemscope=\"itemscope\" itemtype=\"https:\/\/schema.org\/CreativeWork\" ><div class='avia_textblock  '   itemprop=\"text\" ><p style=\"text-align: justify;\">El metal se ha tratado desde hace siglos, pero un metal que fuese inmune a la corrosi\u00f3n fue m\u00e1s dif\u00edcil de conseguir.<\/p>\n<p style=\"text-align: justify;\">En Met\u00e1licas Tellez tenemos una amplia experiencia trabajando con acero inoxidable.<\/p>\n<\/div><\/section><\/div>\n<div class=\"flex_column av_three_fifth  flex_column_div av-zero-column-padding   avia-builder-el-6  el_after_av_two_fifth  avia-builder-el-last  column-top-margin\" style='margin-top:0px; margin-bottom:0px; border-radius:0px; '><div id='av-masonry-1' class='av-masonry  noHover av-fixed-size av-large-gap av-hover-overlay- av-masonry-animation-active av-masonry-col-flexible av-caption-always av-caption-style- av-masonry-gallery     '  ><div class='av-masonry-container isotope av-js-disabled ' ><div class='av-masonry-entry isotope-item av-masonry-item-no-image '><\/div><a href=\"https:\/\/metalicastellez.com\/wp-content\/uploads\/2019\/10\/puerta-acero-inoxidable-vista-interior.jpg\" id='av-masonry-1-item-1048' data-av-masonry-item='1048' class='av-masonry-entry isotope-item post-1048 attachment type-attachment status-inherit hentry  av-masonry-item-with-image av-grid-img' title=\"puerta acero inoxidable vista interior\"  itemprop=\"thumbnailUrl\" ><div class='av-inner-masonry-sizer'><\/div><figure class='av-inner-masonry main_color'><div class=\"av-masonry-outerimage-container\"><div class=\"av-masonry-image-container\" style=\"background-image: url(https:\/\/metalicastellez.com\/wp-content\/uploads\/2019\/10\/puerta-acero-inoxidable-vista-interior-497x705.jpg);\" title=\"puerta acero inoxidable vista interior\" ><\/div><\/div><\/figure><\/a><!--end av-masonry entry--><a href=\"https:\/\/metalicastellez.com\/wp-content\/uploads\/2019\/11\/Puerta-Marron-Acero-Inoxidable.jpg\" id='av-masonry-1-item-1052' data-av-masonry-item='1052' class='av-masonry-entry isotope-item post-1052 attachment type-attachment status-inherit hentry  av-masonry-item-with-image av-grid-img' title=\"Puerta Marron Acero Inoxidable\"  itemprop=\"thumbnailUrl\" ><div class='av-inner-masonry-sizer'><\/div><figure class='av-inner-masonry main_color'><div class=\"av-masonry-outerimage-container\"><div class=\"av-masonry-image-container\" style=\"background-image: url(https:\/\/metalicastellez.com\/wp-content\/uploads\/2019\/11\/Puerta-Marron-Acero-Inoxidable-448x705.jpg);\" title=\"Puerta Marron Acero Inoxidable\" ><\/div><\/div><\/figure><\/a><!--end av-masonry entry--><a href=\"https:\/\/metalicastellez.com\/wp-content\/uploads\/2019\/01\/Foto-11-5-17-12-31-36.jpg\" id='av-masonry-1-item-631' data-av-masonry-item='631' class='av-masonry-entry isotope-item post-631 attachment type-attachment status-inherit hentry  av-masonry-item-with-image av-grid-img' title=\"Barbacoa\"  itemprop=\"thumbnailUrl\" ><div class='av-inner-masonry-sizer'><\/div><figure class='av-inner-masonry main_color'><div class=\"av-masonry-outerimage-container\"><div class=\"av-masonry-image-container\" style=\"background-image: url(https:\/\/metalicastellez.com\/wp-content\/uploads\/2019\/01\/Foto-11-5-17-12-31-36-705x529.jpg);\" title=\"Barbacoa\" ><\/div><\/div><\/figure><\/a><!--end av-masonry entry--><a href=\"https:\/\/metalicastellez.com\/wp-content\/uploads\/2019\/01\/Foto-12-6-17-11-42-17.jpg\" id='av-masonry-1-item-632' data-av-masonry-item='632' class='av-masonry-entry isotope-item post-632 attachment type-attachment status-inherit hentry  av-masonry-item-with-image av-grid-img' title=\"Cubitera\"  itemprop=\"thumbnailUrl\" ><div class='av-inner-masonry-sizer'><\/div><figure class='av-inner-masonry main_color'><div class=\"av-masonry-outerimage-container\"><div class=\"av-masonry-image-container\" style=\"background-image: url(https:\/\/metalicastellez.com\/wp-content\/uploads\/2019\/01\/Foto-12-6-17-11-42-17-705x529.jpg);\" title=\"Cubitera\" ><\/div><\/div><\/figure><\/a><!--end av-masonry entry--><a href=\"https:\/\/metalicastellez.com\/wp-content\/uploads\/2019\/03\/Puertas-Residenciales-1-582x1030.jpg\" id='av-masonry-1-item-999' data-av-masonry-item='999' class='av-masonry-entry isotope-item post-999 attachment type-attachment status-inherit hentry  av-masonry-item-with-image av-portrait-img' title=\"Puertas Residenciales\"  itemprop=\"thumbnailUrl\" ><div class='av-inner-masonry-sizer'><\/div><figure class='av-inner-masonry main_color'><div class=\"av-masonry-outerimage-container\"><div class=\"av-masonry-image-container\" style=\"background-image: url(https:\/\/metalicastellez.com\/wp-content\/uploads\/2019\/03\/Puertas-Residenciales-1-398x705.jpg);\" title=\"Puertas Residenciales\" ><\/div><\/div><\/figure><\/a><!--end av-masonry entry--><a href=\"https:\/\/metalicastellez.com\/wp-content\/uploads\/2019\/01\/Foto-22-3-17-10-54-06-773x1030.jpg\" id='av-masonry-1-item-633' data-av-masonry-item='633' class='av-masonry-entry isotope-item post-633 attachment type-attachment status-inherit hentry  av-masonry-item-with-image av-grid-img' title=\"Automatismo\"  itemprop=\"thumbnailUrl\" ><div class='av-inner-masonry-sizer'><\/div><figure class='av-inner-masonry main_color'><div class=\"av-masonry-outerimage-container\"><div class=\"av-masonry-image-container\" style=\"background-image: url(https:\/\/metalicastellez.com\/wp-content\/uploads\/2019\/01\/Foto-22-3-17-10-54-06-529x705.jpg);\" title=\"Automatismo\" ><\/div><\/div><\/figure><\/a><!--end av-masonry entry--><a href=\"https:\/\/metalicastellez.com\/wp-content\/uploads\/2019\/01\/Foto-22-11-16-15-54-59-743x1030.jpg\" id='av-masonry-1-item-634' data-av-masonry-item='634' class='av-masonry-entry isotope-item post-634 attachment type-attachment status-inherit hentry  av-masonry-item-with-image av-grid-img' title=\"Puerta Acero Inoxidable y Cristal\"  itemprop=\"thumbnailUrl\" ><div class='av-inner-masonry-sizer'><\/div><figure class='av-inner-masonry main_color'><div class=\"av-masonry-outerimage-container\"><div class=\"av-masonry-image-container\" style=\"background-image: url(https:\/\/metalicastellez.com\/wp-content\/uploads\/2019\/01\/Foto-22-11-16-15-54-59-509x705.jpg);\" title=\"Puerta Acero Inoxidable y Cristal\" ><\/div><\/div><\/figure><\/a><!--end av-masonry entry--><a href=\"https:\/\/metalicastellez.com\/wp-content\/uploads\/2019\/01\/Foto-25-1-17-17-35-27-773x1030.jpg\" id='av-masonry-1-item-635' data-av-masonry-item='635' class='av-masonry-entry isotope-item post-635 attachment type-attachment status-inherit hentry  av-masonry-item-with-image av-grid-img' title=\"Detalles Acero Inoxidable\"  itemprop=\"thumbnailUrl\" ><div class='av-inner-masonry-sizer'><\/div><figure class='av-inner-masonry main_color'><div class=\"av-masonry-outerimage-container\"><div class=\"av-masonry-image-container\" style=\"background-image: url(https:\/\/metalicastellez.com\/wp-content\/uploads\/2019\/01\/Foto-25-1-17-17-35-27-529x705.jpg);\" title=\"Detalles Acero Inoxidable\" ><\/div><\/div><\/figure><\/a><!--end av-masonry entry--><a href=\"https:\/\/metalicastellez.com\/wp-content\/uploads\/2019\/03\/Puertas-Residenciales-2-1-569x1030.jpg\" id='av-masonry-1-item-998' data-av-masonry-item='998' class='av-masonry-entry isotope-item post-998 attachment type-attachment status-inherit hentry  av-masonry-item-with-image av-portrait-img' title=\"Puertas Residenciales (2)\"  itemprop=\"thumbnailUrl\" ><div class='av-inner-masonry-sizer'><\/div><figure class='av-inner-masonry main_color'><div class=\"av-masonry-outerimage-container\"><div class=\"av-masonry-image-container\" style=\"background-image: url(https:\/\/metalicastellez.com\/wp-content\/uploads\/2019\/03\/Puertas-Residenciales-2-1-390x705.jpg);\" title=\"Puertas Residenciales (2)\" ><\/div><\/div><\/figure><\/a><!--end av-masonry entry--><a href=\"https:\/\/metalicastellez.com\/wp-content\/uploads\/2019\/02\/Baranda-02.jpg\" id='av-masonry-1-item-961' data-av-masonry-item='961' class='av-masonry-entry isotope-item post-961 attachment type-attachment status-inherit hentry  av-masonry-item-with-image av-grid-img' title=\"Baranda 02\"  itemprop=\"thumbnailUrl\" ><div class='av-inner-masonry-sizer'><\/div><figure class='av-inner-masonry main_color'><div class=\"av-masonry-outerimage-container\"><div class=\"av-masonry-image-container\" style=\"background-image: url(https:\/\/metalicastellez.com\/wp-content\/uploads\/2019\/02\/Baranda-02-705x529.jpg);\" title=\"Baranda 02\" ><\/div><\/div><\/figure><\/a><!--end av-masonry entry--><a href=\"https:\/\/metalicastellez.com\/wp-content\/uploads\/2019\/01\/Foto-29-8-17-14-13-05-1-773x1030.jpg\" id='av-masonry-1-item-636' data-av-masonry-item='636' class='av-masonry-entry isotope-item post-636 attachment type-attachment status-inherit hentry  av-masonry-item-with-image av-grid-img' title=\"Portal Acero Inoxidable\"  itemprop=\"thumbnailUrl\" ><div class='av-inner-masonry-sizer'><\/div><figure class='av-inner-masonry main_color'><div class=\"av-masonry-outerimage-container\"><div class=\"av-masonry-image-container\" style=\"background-image: url(https:\/\/metalicastellez.com\/wp-content\/uploads\/2019\/01\/Foto-29-8-17-14-13-05-1-529x705.jpg);\" title=\"Portal Acero Inoxidable\" ><\/div><\/div><\/figure><\/a><!--end av-masonry entry--><a href=\"https:\/\/metalicastellez.com\/wp-content\/uploads\/2019\/02\/Baranda-03.jpg\" id='av-masonry-1-item-962' data-av-masonry-item='962' class='av-masonry-entry isotope-item post-962 attachment type-attachment status-inherit hentry  av-masonry-item-with-image av-grid-img' title=\"Baranda 03\"  itemprop=\"thumbnailUrl\" ><div class='av-inner-masonry-sizer'><\/div><figure class='av-inner-masonry main_color'><div class=\"av-masonry-outerimage-container\"><div class=\"av-masonry-image-container\" style=\"background-image: url(https:\/\/metalicastellez.com\/wp-content\/uploads\/2019\/02\/Baranda-03-705x529.jpg);\" title=\"Baranda 03\" ><\/div><\/div><\/figure><\/a><!--end av-masonry entry--><a href=\"https:\/\/metalicastellez.com\/wp-content\/uploads\/2019\/01\/Foto-19-1-17-8-26-08.jpg\" id='av-masonry-1-item-643' data-av-masonry-item='643' class='av-masonry-entry isotope-item post-643 attachment type-attachment status-inherit hentry  av-masonry-item-with-image av-grid-img' title=\"Portal Acero Inoxidable\"  itemprop=\"thumbnailUrl\" ><div class='av-inner-masonry-sizer'><\/div><figure class='av-inner-masonry main_color'><div class=\"av-masonry-outerimage-container\"><div class=\"av-masonry-image-container\" style=\"background-image: url(https:\/\/metalicastellez.com\/wp-content\/uploads\/2019\/01\/Foto-19-1-17-8-26-08-705x691.jpg);\" title=\"Portal Acero Inoxidable\" ><\/div><\/div><\/figure><\/a><!--end av-masonry entry--><a href=\"https:\/\/metalicastellez.com\/wp-content\/uploads\/2019\/01\/Foto-22-3-17-9-33-36.jpg\" id='av-masonry-1-item-645' data-av-masonry-item='645' class='av-masonry-entry isotope-item post-645 attachment type-attachment status-inherit hentry  av-masonry-item-with-image av-grid-img' title=\"Plataforma con Automatismo en Acero Inoxidable\"  itemprop=\"thumbnailUrl\" ><div class='av-inner-masonry-sizer'><\/div><figure class='av-inner-masonry main_color'><div class=\"av-masonry-outerimage-container\"><div class=\"av-masonry-image-container\" style=\"background-image: url(https:\/\/metalicastellez.com\/wp-content\/uploads\/2019\/01\/Foto-22-3-17-9-33-36-705x529.jpg);\" title=\"Plataforma con Automatismo en Acero Inoxidable\" ><\/div><\/div><\/figure><\/a><!--end av-masonry entry--><\/div><a class='av-masonry-pagination av-masonry-load-more' href='#load-more'  data-ids='1048,1052,631,632,999,633,634,635,998,961,636,962,643,645,646,651,652,963,1006,1005,1008,1007,1036,1012,1041,1018,1031,1032,1033,1034,1035,1037,1038,1039,1040,1047,1127,1128,1134,1135,1136'  data-action=''  data-link='category'  data-post_type='post, page, attachment, revision, nav_menu_item, custom_css, customize_changeset, oembed_cache, user_request, wp_block, wp_template, wp_template_part, wp_global_styles, wp_navigation, portfolio, avia_framework_post'  data-items='14'  data-size='fixed masonry'  data-gap='large'  data-overlay_fx=''  data-animation='active'  data-offset='0'  data-container_links='active'  data-container_class='av-masonry-gallery  '  data-paginate='load_more'  data-caption_elements='none'  data-caption_display='always'  data-caption_styling=''  data-wc_prod_visible=''  data-prod_order_by=''  data-prod_order=''  data-sort='no'  data-columns='flexible'  data-auto_ratio='1.7'  data-set_breadcrumb='1'  data-custom_markup=''  data-query_orderby='date'  data-query_order='DESC'  data-color=''  data-custom_bg=''  data-custom_class=''  data-orientation=''  data-date_filter=''  data-date_filter_start=''  data-date_filter_end=''  data-date_filter_format='yy\/mm\/dd'  data-id=''  data-avno='d139853299'>Cargar m\u00e1s<\/a><\/div><\/div>\n","protected":false},"excerpt":{"rendered":"","protected":false},"author":1,"featured_media":0,"parent":25,"menu_order":0,"comment_status":"closed","ping_status":"closed","template":"","meta":[],"_links":{"self":[{"href":"https:\/\/metalicastellez.com\/index.php\/wp-json\/wp\/v2\/pages\/142"}],"collection":[{"href":"https:\/\/metalicastellez.com\/index.php\/wp-json\/wp\/v2\/pages"}],"about":[{"href":"https:\/\/metalicastellez.com\/index.php\/wp-json\/wp\/v2\/types\/page"}],"author":[{"embeddable":true,"href":"https:\/\/metalicastellez.com\/index.php\/wp-json\/wp\/v2\/users\/1"}],"replies":[{"embeddable":true,"href":"https:\/\/metalicastellez.com\/index.php\/wp-json\/wp\/v2\/comments?post=142"}],"version-history":[{"count":5,"href":"https:\/\/metalicastellez.com\/index.php\/wp-json\/wp\/v2\/pages\/142\/revisions"}],"predecessor-version":[{"id":1133,"href":"https:\/\/metalicastellez.com\/index.php\/wp-json\/wp\/v2\/pages\/142\/revisions\/1133"}],"up":[{"embeddable":true,"href":"https:\/\/metalicastellez.com\/index.php\/wp-json\/wp\/v2\/pages\/25"}],"wp:attachment":[{"href":"https:\/\/metalicastellez.com\/index.php\/wp-json\/wp\/v2\/media?parent=142"}],"curies":[{"name":"wp","href":"https:\/\/api.w.org\/{rel}","templated":true}]}}