{"id":138,"date":"2015-10-22T15:31:54","date_gmt":"2015-10-22T15:31:54","guid":{"rendered":"http:\/\/test.kriesi.at\/construction\/?page_id=138"},"modified":"2020-11-27T10:17:55","modified_gmt":"2020-11-27T10:17:55","slug":"barandas-de-escaleras","status":"publish","type":"page","link":"https:\/\/metalicastellez.com\/index.php\/servicios\/barandas-de-escaleras\/","title":{"rendered":"Barandas"},"content":{"rendered":"<div   data-size='featured_large'  data-lightbox_size='large'  data-animation='fade'  data-conditional_play=''  data-ids='397,969,398,400'  data-video_counter='0'  data-autoplay='true'  data-bg_slider='false'  data-slide_height=''  data-handle='av_slideshow'  data-interval='5'  data-class=' avia-builder-el-0  el_before_av_one_full  avia-builder-el-first  '  data-el_id=''  data-css_id=''  data-scroll_down=''  data-control_layout='av-control-minimal'  data-custom_markup=''  data-perma_caption=''  data-autoplay_stopper=''  data-image_attachment=''  data-min_height='0px'  data-default-height='42'  class='avia-slideshow avia-slideshow-1  av-control-minimal av-default-height-applied avia-slideshow-featured_large av_slideshow  avia-builder-el-0  el_before_av_one_full  avia-builder-el-first   avia-fade-slider '  itemprop=\"image\" itemscope=\"itemscope\" itemtype=\"https:\/\/schema.org\/ImageObject\" ><ul class='avia-slideshow-inner ' style='padding-bottom: 42%;' ><li  class=' slide-1 ' ><div data-rel='slideshow-1' class='avia-slide-wrap '   ><img src='https:\/\/metalicastellez.com\/wp-content\/uploads\/2019\/01\/Barandilla.jpg' width='1500' height='630' title='Barandilla Piscina' alt=''  itemprop=\"thumbnailUrl\"   \/><\/div><\/li><li  class=' slide-2 ' ><div data-rel='slideshow-1' class='avia-slide-wrap '   ><img src='https:\/\/metalicastellez.com\/wp-content\/uploads\/2019\/02\/Baranda.jpg' width='1500' height='630' title='Baranda' alt=''  itemprop=\"thumbnailUrl\"   \/><\/div><\/li><li  class=' slide-3 ' ><div data-rel='slideshow-1' class='avia-slide-wrap '   ><img src='https:\/\/metalicastellez.com\/wp-content\/uploads\/2019\/01\/Barandilla-2.jpg' width='1500' height='630' title='Barandilla Dorada' alt=''  itemprop=\"thumbnailUrl\"   \/><\/div><\/li><li  class=' slide-4 ' ><div data-rel='slideshow-1' class='avia-slide-wrap '   ><img src='https:\/\/metalicastellez.com\/wp-content\/uploads\/2019\/01\/Barandilla-3.jpg' width='1500' height='630' title='Barandilla' alt=''  itemprop=\"thumbnailUrl\"   \/><\/div><\/li><\/ul><div class='avia-slideshow-arrows avia-slideshow-controls'><a href='#prev' class='prev-slide' aria-hidden='true' data-av_icon='\ue87c' data-av_iconfont='entypo-fontello'>Anterior<\/a><a href='#next' class='next-slide' aria-hidden='true' data-av_icon='\ue87d' data-av_iconfont='entypo-fontello'>Posterior<\/a><\/div><div class='avia-slideshow-dots avia-slideshow-controls'><a href='#1' class='goto-slide active' >1<\/a><a href='#2' class='goto-slide ' >2<\/a><a href='#3' class='goto-slide ' >3<\/a><a href='#4' class='goto-slide ' >4<\/a><\/div><\/div>\n<div class=\"flex_column av_one_full  av-animated-generic bottom-to-top  flex_column_div av-zero-column-padding first  avia-builder-el-1  el_after_av_slideshow  el_before_av_one_half  \" style='margin-top:0px; margin-bottom:0px; border-radius:0px; '><p><div  style='padding-bottom:0px; ' class='av-special-heading av-special-heading-h2  blockquote modern-quote  avia-builder-el-2  el_before_av_hr  avia-builder-el-first  '><h2 class='av-special-heading-tag '  itemprop=\"headline\"  >Barandas<\/h2><div class='special-heading-border'><div class='special-heading-inner-border' ><\/div><\/div><\/div><br \/>\n<div  style=' margin-top:10px; margin-bottom:10px;'  class='hr hr-custom hr-left hr-icon-no   avia-builder-el-3  el_after_av_heading  avia-builder-el-last '><span class='hr-inner  inner-border-av-border-fat' style=' width:50px; border-color:#efbb20;' ><span class='hr-inner-style'><\/span><\/span><\/div><\/p><\/div>\n<div class=\"flex_column av_one_half  av-animated-generic bottom-to-top  flex_column_div av-zero-column-padding first  avia-builder-el-4  el_after_av_one_full  el_before_av_one_half  column-top-margin\" style='margin-top:0px; margin-bottom:0px; border-radius:0px; '><section class=\"av_textblock_section \"  itemscope=\"itemscope\" itemtype=\"https:\/\/schema.org\/CreativeWork\" ><div class='avia_textblock  '   itemprop=\"text\" ><p style=\"text-align: justify;\">La baranda o barandilla es un elemento arquitect\u00f3nico de protecci\u00f3n para evitar la ca\u00edda al vac\u00edo de personas, animales, \u00e9tc.<br \/>\nLa baranda o barandilla est\u00e1 formada por peque\u00f1as columnas que soportan un travesa\u00f1o o pasamano, y sirve para apoyarse o sujetarse.<\/p>\n<\/div><\/section><\/div>\n<div class=\"flex_column av_one_half  av-animated-generic bottom-to-top  flex_column_div av-zero-column-padding   avia-builder-el-6  el_after_av_one_half  el_before_av_one_full  column-top-margin\" style='margin-top:0px; margin-bottom:0px; border-radius:0px; '><section class=\"av_textblock_section \"  itemscope=\"itemscope\" itemtype=\"https:\/\/schema.org\/CreativeWork\" ><div class='avia_textblock  '   itemprop=\"text\" ><p style=\"text-align: justify;\">Aunque su uso habitual est\u00e1 en las escaleras tambi\u00e9n pueden servir para separar o diferenciar dos zonas.<\/p>\n<p style=\"text-align: justify;\">En nuestro taller realizamos barandas o barandillas completamente personalizadas y seguras para nuestros clientes.<\/p>\n<\/div><\/section><\/div>\n<div class=\"flex_column av_one_full  flex_column_div av-zero-column-padding first  avia-builder-el-8  el_after_av_one_half  el_before_av_two_fifth  column-top-margin\" style='border-radius:0px; '><div  style=' margin-top:0; margin-bottom:0;'  class='hr hr-custom hr-center hr-icon-no   avia-builder-el-9  avia-builder-el-no-sibling '><span class='hr-inner  inner-border-av-border-thin' style=' width:95%; border-color:#e2e2e2;' ><span class='hr-inner-style'><\/span><\/span><\/div><\/div>\n<div class=\"flex_column av_two_fifth  av-animated-generic bottom-to-top  flex_column_div av-zero-column-padding first  avia-builder-el-10  el_after_av_one_full  el_before_av_three_fifth  column-top-margin\" style='border-radius:0px; '><p><div  style='padding-bottom:0px; ' class='av-special-heading av-special-heading-h2  blockquote modern-quote  avia-builder-el-11  el_before_av_hr  avia-builder-el-first  '><h2 class='av-special-heading-tag '  itemprop=\"headline\"  >Protecci\u00f3n<\/h2><div class='special-heading-border'><div class='special-heading-inner-border' ><\/div><\/div><\/div><br \/>\n<div  style=' margin-top:10px; margin-bottom:10px;'  class='hr hr-custom hr-left hr-icon-no   avia-builder-el-12  el_after_av_heading  el_before_av_textblock '><span class='hr-inner  inner-border-av-border-fat' style=' width:50px; border-color:#efbb20;' ><span class='hr-inner-style'><\/span><\/span><\/div><br \/>\n<section class=\"av_textblock_section \"  itemscope=\"itemscope\" itemtype=\"https:\/\/schema.org\/CreativeWork\" ><div class='avia_textblock  '   itemprop=\"text\" ><p style=\"text-align: justify;\">Protege y decora con nuestras barandillas cualquier parte de la casa, ya sean unas escaleras, un balc\u00f3n o una piscina.<\/p>\n<\/div><\/section><\/p><\/div>\n<div class=\"flex_column av_three_fifth  av-animated-generic bottom-to-top  flex_column_div av-zero-column-padding   avia-builder-el-14  el_after_av_two_fifth  avia-builder-el-last  column-top-margin\" style='border-radius:0px; '><div id='av-masonry-1' class='av-masonry  noHover av-fixed-size av-large-gap av-hover-overlay- av-masonry-animation-active av-masonry-col-3 av-caption-always av-caption-style- av-masonry-gallery     '  ><div class='av-masonry-container isotope av-js-disabled ' ><div class='av-masonry-entry isotope-item av-masonry-item-no-image '><\/div><a href=\"https:\/\/metalicastellez.com\/wp-content\/uploads\/2019\/01\/Foto-9-6-17-19-04-29-copia-1030x773.jpg\" id='av-masonry-1-item-678' data-av-masonry-item='678' class='av-masonry-entry isotope-item post-678 attachment type-attachment status-inherit hentry  av-masonry-item-with-image av-grid-img' title=\"Baranda para piscina\"  itemprop=\"thumbnailUrl\" ><div class='av-inner-masonry-sizer'><\/div><figure class='av-inner-masonry main_color'><div class=\"av-masonry-outerimage-container\"><div class=\"av-masonry-image-container\" style=\"background-image: url(https:\/\/metalicastellez.com\/wp-content\/uploads\/2019\/01\/Foto-9-6-17-19-04-29-copia-705x529.jpg);\" title=\"Baranda para piscina\" ><\/div><\/div><\/figure><\/a><!--end av-masonry entry--><a href=\"https:\/\/metalicastellez.com\/wp-content\/uploads\/2019\/01\/Foto-30-11-16-11-50-57-773x1030.jpg\" id='av-masonry-1-item-670' data-av-masonry-item='670' class='av-masonry-entry isotope-item post-670 attachment type-attachment status-inherit hentry  av-masonry-item-with-image av-grid-img' title=\"Barandilla dorada de escaleras\"  itemprop=\"thumbnailUrl\" ><div class='av-inner-masonry-sizer'><\/div><figure class='av-inner-masonry main_color'><div class=\"av-masonry-outerimage-container\"><div class=\"av-masonry-image-container\" style=\"background-image: url(https:\/\/metalicastellez.com\/wp-content\/uploads\/2019\/01\/Foto-30-11-16-11-50-57-529x705.jpg);\" title=\"Barandilla dorada de escaleras\" ><\/div><\/div><\/figure><\/a><!--end av-masonry entry--><a href=\"https:\/\/metalicastellez.com\/wp-content\/uploads\/2019\/02\/Baranda-06.jpg\" id='av-masonry-1-item-966' data-av-masonry-item='966' class='av-masonry-entry isotope-item post-966 attachment type-attachment status-inherit hentry  av-masonry-item-with-image av-grid-img' title=\"Baranda 06\"  itemprop=\"thumbnailUrl\" ><div class='av-inner-masonry-sizer'><\/div><figure class='av-inner-masonry main_color'><div class=\"av-masonry-outerimage-container\"><div class=\"av-masonry-image-container\" style=\"background-image: url(https:\/\/metalicastellez.com\/wp-content\/uploads\/2019\/02\/Baranda-06-705x529.jpg);\" title=\"Baranda 06\" ><\/div><\/div><\/figure><\/a><!--end av-masonry entry--><a href=\"https:\/\/metalicastellez.com\/wp-content\/uploads\/2019\/01\/Foto-30-11-16-11-51-18.jpg\" id='av-masonry-1-item-671' data-av-masonry-item='671' class='av-masonry-entry isotope-item post-671 attachment type-attachment status-inherit hentry  av-masonry-item-with-image av-grid-img' title=\"Barandilla dorada de escaleras\"  itemprop=\"thumbnailUrl\" ><div class='av-inner-masonry-sizer'><\/div><figure class='av-inner-masonry main_color'><div class=\"av-masonry-outerimage-container\"><div class=\"av-masonry-image-container\" style=\"background-image: url(https:\/\/metalicastellez.com\/wp-content\/uploads\/2019\/01\/Foto-30-11-16-11-51-18-705x586.jpg);\" title=\"Barandilla dorada de escaleras\" ><\/div><\/div><\/figure><\/a><!--end av-masonry entry--><a href=\"https:\/\/metalicastellez.com\/wp-content\/uploads\/2019\/01\/Foto-26-1-18-13-03-33.jpg\" id='av-masonry-1-item-667' data-av-masonry-item='667' class='av-masonry-entry isotope-item post-667 attachment type-attachment status-inherit hentry  av-masonry-item-with-image av-grid-img' title=\"Barandilla dorada escaleras y descansillo\"  itemprop=\"thumbnailUrl\" ><div class='av-inner-masonry-sizer'><\/div><figure class='av-inner-masonry main_color'><div class=\"av-masonry-outerimage-container\"><div class=\"av-masonry-image-container\" style=\"background-image: url(https:\/\/metalicastellez.com\/wp-content\/uploads\/2019\/01\/Foto-26-1-18-13-03-33-705x529.jpg);\" title=\"Barandilla dorada escaleras y descansillo\" ><\/div><\/div><\/figure><\/a><!--end av-masonry entry--><a href=\"https:\/\/metalicastellez.com\/wp-content\/uploads\/2019\/01\/Foto-26-1-18-13-03-47.jpg\" id='av-masonry-1-item-669' data-av-masonry-item='669' class='av-masonry-entry isotope-item post-669 attachment type-attachment status-inherit hentry  av-masonry-item-with-image av-grid-img' title=\"Baranda con cerrajer\u00eda Art\u00edstica\"  itemprop=\"thumbnailUrl\" ><div class='av-inner-masonry-sizer'><\/div><figure class='av-inner-masonry main_color'><div class=\"av-masonry-outerimage-container\"><div class=\"av-masonry-image-container\" style=\"background-image: url(https:\/\/metalicastellez.com\/wp-content\/uploads\/2019\/01\/Foto-26-1-18-13-03-47-705x529.jpg);\" title=\"Baranda con cerrajer\u00eda Art\u00edstica\" ><\/div><\/div><\/figure><\/a><!--end av-masonry entry--><a href=\"https:\/\/metalicastellez.com\/wp-content\/uploads\/2019\/01\/Foto-26-1-18-13-03-38-1.jpg\" id='av-masonry-1-item-668' data-av-masonry-item='668' class='av-masonry-entry isotope-item post-668 attachment type-attachment status-inherit hentry  av-masonry-item-with-image av-grid-img' title=\"Baranda con Cerrajer\u00eda Art\u00edstica\"  itemprop=\"thumbnailUrl\" ><div class='av-inner-masonry-sizer'><\/div><figure class='av-inner-masonry main_color'><div class=\"av-masonry-outerimage-container\"><div class=\"av-masonry-image-container\" style=\"background-image: url(https:\/\/metalicastellez.com\/wp-content\/uploads\/2019\/01\/Foto-26-1-18-13-03-38-1-705x529.jpg);\" title=\"Baranda con Cerrajer\u00eda Art\u00edstica\" ><\/div><\/div><\/figure><\/a><!--end av-masonry entry--><a href=\"https:\/\/metalicastellez.com\/wp-content\/uploads\/2019\/01\/Foto-2-7-12-19-07-30-831x1030.jpg\" id='av-masonry-1-item-665' data-av-masonry-item='665' class='av-masonry-entry isotope-item post-665 attachment type-attachment status-inherit hentry  av-masonry-item-with-image av-grid-img' title=\"Baranda de escaleras negro y madera\"  itemprop=\"thumbnailUrl\" ><div class='av-inner-masonry-sizer'><\/div><figure class='av-inner-masonry main_color'><div class=\"av-masonry-outerimage-container\"><div class=\"av-masonry-image-container\" style=\"background-image: url(https:\/\/metalicastellez.com\/wp-content\/uploads\/2019\/01\/Foto-2-7-12-19-07-30-569x705.jpg);\" title=\"Baranda de escaleras negro y madera\" ><\/div><\/div><\/figure><\/a><!--end av-masonry entry--><a href=\"https:\/\/metalicastellez.com\/wp-content\/uploads\/2019\/01\/Foto-2-7-12-19-07-07-655x1030.jpg\" id='av-masonry-1-item-664' data-av-masonry-item='664' class='av-masonry-entry isotope-item post-664 attachment type-attachment status-inherit hentry  av-masonry-item-with-image av-grid-img' title=\"Baranda de escaleras negro y madera\"  itemprop=\"thumbnailUrl\" ><div class='av-inner-masonry-sizer'><\/div><figure class='av-inner-masonry main_color'><div class=\"av-masonry-outerimage-container\"><div class=\"av-masonry-image-container\" style=\"background-image: url(https:\/\/metalicastellez.com\/wp-content\/uploads\/2019\/01\/Foto-2-7-12-19-07-07-448x705.jpg);\" title=\"Baranda de escaleras negro y madera\" ><\/div><\/div><\/figure><\/a><!--end av-masonry entry--><a href=\"https:\/\/metalicastellez.com\/wp-content\/uploads\/2019\/02\/Baranda-02.jpg\" id='av-masonry-1-item-961' data-av-masonry-item='961' class='av-masonry-entry isotope-item post-961 attachment type-attachment status-inherit hentry  av-masonry-item-with-image av-grid-img' title=\"Baranda 02\"  itemprop=\"thumbnailUrl\" ><div class='av-inner-masonry-sizer'><\/div><figure class='av-inner-masonry main_color'><div class=\"av-masonry-outerimage-container\"><div class=\"av-masonry-image-container\" style=\"background-image: url(https:\/\/metalicastellez.com\/wp-content\/uploads\/2019\/02\/Baranda-02-705x529.jpg);\" title=\"Baranda 02\" ><\/div><\/div><\/figure><\/a><!--end av-masonry entry--><a href=\"https:\/\/metalicastellez.com\/wp-content\/uploads\/2020\/11\/2-1030x773.jpg\" id='av-masonry-1-item-1121' data-av-masonry-item='1121' class='av-masonry-entry isotope-item post-1121 attachment type-attachment status-inherit hentry  av-masonry-item-with-image av-grid-img' title=\"Barandillas\"  itemprop=\"thumbnailUrl\" ><div class='av-inner-masonry-sizer'><\/div><figure class='av-inner-masonry main_color'><div class=\"av-masonry-outerimage-container\"><div class=\"av-masonry-image-container\" style=\"background-image: url(https:\/\/metalicastellez.com\/wp-content\/uploads\/2020\/11\/2-705x529.jpg);\" title=\"Barandillas\" ><\/div><\/div><\/figure><\/a><!--end av-masonry entry--><a href=\"https:\/\/metalicastellez.com\/wp-content\/uploads\/2020\/11\/barandas-1030x773.jpg\" id='av-masonry-1-item-1122' data-av-masonry-item='1122' class='av-masonry-entry isotope-item post-1122 attachment type-attachment status-inherit hentry  av-masonry-item-with-image av-grid-img' title=\"Barandillas\"  itemprop=\"thumbnailUrl\" ><div class='av-inner-masonry-sizer'><\/div><figure class='av-inner-masonry main_color'><div class=\"av-masonry-outerimage-container\"><div class=\"av-masonry-image-container\" style=\"background-image: url(https:\/\/metalicastellez.com\/wp-content\/uploads\/2020\/11\/barandas-705x529.jpg);\" title=\"Barandillas\" ><\/div><\/div><\/figure><\/a><!--end av-masonry entry--><a href=\"https:\/\/metalicastellez.com\/wp-content\/uploads\/2020\/11\/barandas3-1030x579.jpg\" id='av-masonry-1-item-1123' data-av-masonry-item='1123' class='av-masonry-entry isotope-item post-1123 attachment type-attachment status-inherit hentry  av-masonry-item-with-image av-landscape-img' title=\"Barandillas\"  itemprop=\"thumbnailUrl\" ><div class='av-inner-masonry-sizer'><\/div><figure class='av-inner-masonry main_color'><div class=\"av-masonry-outerimage-container\"><div class=\"av-masonry-image-container\" style=\"background-image: url(https:\/\/metalicastellez.com\/wp-content\/uploads\/2020\/11\/barandas3-705x397.jpg);\" title=\"Barandillas\" ><\/div><\/div><\/figure><\/a><!--end av-masonry entry--><a href=\"https:\/\/metalicastellez.com\/wp-content\/uploads\/2020\/11\/barandas4-1030x579.jpg\" id='av-masonry-1-item-1124' data-av-masonry-item='1124' class='av-masonry-entry isotope-item post-1124 attachment type-attachment status-inherit hentry  av-masonry-item-with-image av-landscape-img' title=\"Barandillas\"  itemprop=\"thumbnailUrl\" ><div class='av-inner-masonry-sizer'><\/div><figure class='av-inner-masonry main_color'><div class=\"av-masonry-outerimage-container\"><div class=\"av-masonry-image-container\" style=\"background-image: url(https:\/\/metalicastellez.com\/wp-content\/uploads\/2020\/11\/barandas4-705x397.jpg);\" title=\"Barandillas\" ><\/div><\/div><\/figure><\/a><!--end av-masonry entry--><\/div><\/div><\/div>\n","protected":false},"excerpt":{"rendered":"","protected":false},"author":1,"featured_media":0,"parent":25,"menu_order":0,"comment_status":"closed","ping_status":"closed","template":"","meta":[],"_links":{"self":[{"href":"https:\/\/metalicastellez.com\/index.php\/wp-json\/wp\/v2\/pages\/138"}],"collection":[{"href":"https:\/\/metalicastellez.com\/index.php\/wp-json\/wp\/v2\/pages"}],"about":[{"href":"https:\/\/metalicastellez.com\/index.php\/wp-json\/wp\/v2\/types\/page"}],"author":[{"embeddable":true,"href":"https:\/\/metalicastellez.com\/index.php\/wp-json\/wp\/v2\/users\/1"}],"replies":[{"embeddable":true,"href":"https:\/\/metalicastellez.com\/index.php\/wp-json\/wp\/v2\/comments?post=138"}],"version-history":[{"count":5,"href":"https:\/\/metalicastellez.com\/index.php\/wp-json\/wp\/v2\/pages\/138\/revisions"}],"predecessor-version":[{"id":1120,"href":"https:\/\/metalicastellez.com\/index.php\/wp-json\/wp\/v2\/pages\/138\/revisions\/1120"}],"up":[{"embeddable":true,"href":"https:\/\/metalicastellez.com\/index.php\/wp-json\/wp\/v2\/pages\/25"}],"wp:attachment":[{"href":"https:\/\/metalicastellez.com\/index.php\/wp-json\/wp\/v2\/media?parent=138"}],"curies":[{"name":"wp","href":"https:\/\/api.w.org\/{rel}","templated":true}]}}