{"id":135,"date":"2015-10-22T15:31:25","date_gmt":"2015-10-22T15:31:25","guid":{"rendered":"http:\/\/test.kriesi.at\/construction\/?page_id=135"},"modified":"2019-02-05T17:46:13","modified_gmt":"2019-02-05T17:46:13","slug":"rejas-y-puertas","status":"publish","type":"page","link":"https:\/\/metalicastellez.com\/index.php\/servicios\/rejas-y-puertas\/","title":{"rendered":"Rejas y Puertas"},"content":{"rendered":"<div   data-size='featured_large'  data-lightbox_size='large'  data-animation='fade'  data-conditional_play=''  data-ids='380,381,379,378'  data-video_counter='0'  data-autoplay='true'  data-bg_slider='false'  data-slide_height=''  data-handle='av_slideshow'  data-interval='5'  data-class=' avia-builder-el-0  el_before_av_one_full  avia-builder-el-first  '  data-el_id=''  data-css_id=''  data-scroll_down=''  data-control_layout='av-control-minimal'  data-custom_markup=''  data-perma_caption=''  data-autoplay_stopper=''  data-image_attachment=''  data-min_height='0px'  data-default-height='42'  class='avia-slideshow avia-slideshow-1  av-control-minimal av-default-height-applied avia-slideshow-featured_large av_slideshow  avia-builder-el-0  el_before_av_one_full  avia-builder-el-first   avia-fade-slider '  itemprop=\"image\" itemscope=\"itemscope\" itemtype=\"https:\/\/schema.org\/ImageObject\" ><ul class='avia-slideshow-inner ' style='padding-bottom: 42%;' ><li  class=' slide-1 ' ><div data-rel='slideshow-1' class='avia-slide-wrap '   ><img src='https:\/\/metalicastellez.com\/wp-content\/uploads\/2019\/01\/Rejas-y-Puertas-4.jpg' width='1500' height='630' title='Rejas y Puertas' alt=''  itemprop=\"thumbnailUrl\"   \/><\/div><\/li><li  class=' slide-2 ' ><div data-rel='slideshow-1' class='avia-slide-wrap '   ><img src='https:\/\/metalicastellez.com\/wp-content\/uploads\/2019\/01\/Rejas-y-Puertas.jpg' width='1500' height='630' title='Rejas y Puertas' alt=''  itemprop=\"thumbnailUrl\"   \/><\/div><\/li><li  class=' slide-3 ' ><div data-rel='slideshow-1' class='avia-slide-wrap '   ><img src='https:\/\/metalicastellez.com\/wp-content\/uploads\/2019\/01\/Rejas-y-Puertas-3.jpg' width='1500' height='630' title='Rejas y Puertas' alt=''  itemprop=\"thumbnailUrl\"   \/><\/div><\/li><li  class=' slide-4 ' ><div data-rel='slideshow-1' class='avia-slide-wrap '   ><img src='https:\/\/metalicastellez.com\/wp-content\/uploads\/2019\/01\/Rejas-y-Puertas-2.jpg' width='1500' height='630' title='Rejas y Puertas' alt=''  itemprop=\"thumbnailUrl\"   \/><\/div><\/li><\/ul><div class='avia-slideshow-arrows avia-slideshow-controls'><a href='#prev' class='prev-slide' aria-hidden='true' data-av_icon='\ue87c' data-av_iconfont='entypo-fontello'>Anterior<\/a><a href='#next' class='next-slide' aria-hidden='true' data-av_icon='\ue87d' data-av_iconfont='entypo-fontello'>Posterior<\/a><\/div><div class='avia-slideshow-dots avia-slideshow-controls'><a href='#1' class='goto-slide active' >1<\/a><a href='#2' class='goto-slide ' >2<\/a><a href='#3' class='goto-slide ' >3<\/a><a href='#4' class='goto-slide ' >4<\/a><\/div><\/div>\n<div class=\"flex_column av_one_full  av-animated-generic bottom-to-top  flex_column_div av-zero-column-padding first  avia-builder-el-1  el_after_av_slideshow  el_before_av_one_half  \" style='margin-top:0px; margin-bottom:0px; border-radius:0px; '><p><div  style='padding-bottom:0px; ' class='av-special-heading av-special-heading-h2  blockquote modern-quote  avia-builder-el-2  el_before_av_hr  avia-builder-el-first  '><h2 class='av-special-heading-tag '  itemprop=\"headline\"  >Rejas y Puertas<\/h2><div class='special-heading-border'><div class='special-heading-inner-border' ><\/div><\/div><\/div><br \/>\n<div  style=' margin-top:10px; margin-bottom:10px;'  class='hr hr-custom hr-left hr-icon-no   avia-builder-el-3  el_after_av_heading  avia-builder-el-last '><span class='hr-inner  inner-border-av-border-fat' style=' width:50px; border-color:#efbb20;' ><span class='hr-inner-style'><\/span><\/span><\/div><\/p><\/div>\n<div class=\"flex_column av_one_half  av-animated-generic bottom-to-top  flex_column_div av-zero-column-padding first  avia-builder-el-4  el_after_av_one_full  el_before_av_one_half  column-top-margin\" style='margin-top:0px; margin-bottom:0px; border-radius:0px; '><section class=\"av_textblock_section \"  itemscope=\"itemscope\" itemtype=\"https:\/\/schema.org\/CreativeWork\" ><div class='avia_textblock  '   itemprop=\"text\" ><p style=\"text-align: justify;\">Todas nuestras rejas y puertas est\u00e1n hechas en exclusiva por y para cada uno de nuestros clientes.<\/p>\n<p style=\"text-align: justify;\">Adem\u00e1s contamos con un material de primera calidad para aportar resistencia y distinci\u00f3n a cada uno de nuestros productos.<\/p>\n<\/div><\/section><\/div>\n<div class=\"flex_column av_one_half  av-animated-generic bottom-to-top  flex_column_div av-zero-column-padding   avia-builder-el-6  el_after_av_one_half  el_before_av_one_full  column-top-margin\" style='margin-top:0px; margin-bottom:0px; border-radius:0px; '><section class=\"av_textblock_section \"  itemscope=\"itemscope\" itemtype=\"https:\/\/schema.org\/CreativeWork\" ><div class='avia_textblock  '   itemprop=\"text\" ><p style=\"text-align: justify;\">Junto al cliente planeamos el dise\u00f1o m\u00e1s adecuado para cada reja o puerta. En nuestra web puede ver una muestra de nuestro trabajo y dise\u00f1os desde lo m\u00e1s cl\u00e1sico a lo m\u00e1s moderno.<\/p>\n<\/div><\/section><\/div>\n<div class=\"flex_column av_one_full  flex_column_div av-zero-column-padding first  avia-builder-el-8  el_after_av_one_half  el_before_av_one_half  column-top-margin\" style='border-radius:0px; '><div  style=' margin-top:; margin-bottom:;'  class='hr hr-custom hr-center hr-icon-no   avia-builder-el-9  avia-builder-el-no-sibling '><span class='hr-inner  inner-border-av-border-thin' style=' width:95%; border-color:#e2e2e2;' ><span class='hr-inner-style'><\/span><\/span><\/div><\/div>\n<div class=\"flex_column av_one_half  av-animated-generic bottom-to-top  flex_column_div av-zero-column-padding first  avia-builder-el-10  el_after_av_one_full  el_before_av_one_half  column-top-margin\" style='border-radius:0px; '><p><div  style='padding-bottom:0px; ' class='av-special-heading av-special-heading-h2  blockquote modern-quote  avia-builder-el-11  el_before_av_hr  avia-builder-el-first  '><h2 class='av-special-heading-tag '  itemprop=\"headline\"  >Seguridad<\/h2><div class='special-heading-border'><div class='special-heading-inner-border' ><\/div><\/div><\/div><br \/>\n<div  style=' margin-top:10px; margin-bottom:10px;'  class='hr hr-custom hr-left hr-icon-no   avia-builder-el-12  el_after_av_heading  el_before_av_textblock '><span class='hr-inner  inner-border-av-border-fat' style=' width:50px; border-color:#efbb20;' ><span class='hr-inner-style'><\/span><\/span><\/div><br \/>\n<section class=\"av_textblock_section \"  itemscope=\"itemscope\" itemtype=\"https:\/\/schema.org\/CreativeWork\" ><div class='avia_textblock  '   itemprop=\"text\" ><p style=\"text-align: justify;\">Ante todo, las rejas y puertas est\u00e1n concebidas para dar seguridad a una vivienda, local, terreno, \u00e9tc. Por eso nosotros queremos que su seguridad sea lo primero, empleando calidad, con los mejores materiales, y dise\u00f1o.<\/p>\n<\/div><\/section><\/p><\/div>\n<div class=\"flex_column av_one_half  av-animated-generic bottom-to-top  flex_column_div av-zero-column-padding   avia-builder-el-14  el_after_av_one_half  avia-builder-el-last  column-top-margin\" style='border-radius:0px; '><div id='av-masonry-1' class='av-masonry  noHover av-fixed-size av-large-gap av-hover-overlay- av-masonry-animation-active av-masonry-col-flexible av-caption-always av-caption-style- av-masonry-gallery     '  ><div class='av-masonry-container isotope av-js-disabled ' ><div class='av-masonry-entry isotope-item av-masonry-item-no-image '><\/div><a href=\"https:\/\/metalicastellez.com\/wp-content\/uploads\/2019\/01\/Foto-9-2-17-10-43-48-1030x829.jpg\" id='av-masonry-1-item-751' data-av-masonry-item='751' class='av-masonry-entry isotope-item post-751 attachment type-attachment status-inherit hentry  av-masonry-item-with-image av-grid-img' title=\"Reja\"  itemprop=\"thumbnailUrl\" ><div class='av-inner-masonry-sizer'><\/div><figure class='av-inner-masonry main_color'><div class=\"av-masonry-outerimage-container\"><div class=\"av-masonry-image-container\" style=\"background-image: url(https:\/\/metalicastellez.com\/wp-content\/uploads\/2019\/01\/Foto-9-2-17-10-43-48-705x567.jpg);\" title=\"Reja\" ><\/div><\/div><\/figure><\/a><!--end av-masonry entry--><a href=\"https:\/\/metalicastellez.com\/wp-content\/uploads\/2019\/01\/Foto-9-4-18-9-17-02-1030x773.jpg\" id='av-masonry-1-item-752' data-av-masonry-item='752' class='av-masonry-entry isotope-item post-752 attachment type-attachment status-inherit hentry  av-masonry-item-with-image av-grid-img' title=\"Reja\"  itemprop=\"thumbnailUrl\" ><div class='av-inner-masonry-sizer'><\/div><figure class='av-inner-masonry main_color'><div class=\"av-masonry-outerimage-container\"><div class=\"av-masonry-image-container\" style=\"background-image: url(https:\/\/metalicastellez.com\/wp-content\/uploads\/2019\/01\/Foto-9-4-18-9-17-02-705x529.jpg);\" title=\"Reja\" ><\/div><\/div><\/figure><\/a><!--end av-masonry entry--><a href=\"https:\/\/metalicastellez.com\/wp-content\/uploads\/2019\/01\/Foto-9-7-18-12-17-41-767x1030.jpg\" id='av-masonry-1-item-753' data-av-masonry-item='753' class='av-masonry-entry isotope-item post-753 attachment type-attachment status-inherit hentry  av-masonry-item-with-image av-grid-img' title=\"Puerta estilo americano\"  itemprop=\"thumbnailUrl\" ><div class='av-inner-masonry-sizer'><\/div><figure class='av-inner-masonry main_color'><div class=\"av-masonry-outerimage-container\"><div class=\"av-masonry-image-container\" style=\"background-image: url(https:\/\/metalicastellez.com\/wp-content\/uploads\/2019\/01\/Foto-9-7-18-12-17-41-525x705.jpg);\" title=\"Puerta estilo americano\" ><\/div><\/div><\/figure><\/a><!--end av-masonry entry--><a href=\"https:\/\/metalicastellez.com\/wp-content\/uploads\/2019\/01\/Foto-12-4-18-11-47-26-675x1030.jpg\" id='av-masonry-1-item-754' data-av-masonry-item='754' class='av-masonry-entry isotope-item post-754 attachment type-attachment status-inherit hentry  av-masonry-item-with-image av-grid-img' title=\"Puerta estlo Cl\u00e1sico\"  itemprop=\"thumbnailUrl\" ><div class='av-inner-masonry-sizer'><\/div><figure class='av-inner-masonry main_color'><div class=\"av-masonry-outerimage-container\"><div class=\"av-masonry-image-container\" style=\"background-image: url(https:\/\/metalicastellez.com\/wp-content\/uploads\/2019\/01\/Foto-12-4-18-11-47-26-462x705.jpg);\" title=\"Puerta estlo Cl\u00e1sico\" ><\/div><\/div><\/figure><\/a><!--end av-masonry entry--><a href=\"https:\/\/metalicastellez.com\/wp-content\/uploads\/2019\/01\/Foto-14-10-05-17-11-52-711x1030.jpg\" id='av-masonry-1-item-755' data-av-masonry-item='755' class='av-masonry-entry isotope-item post-755 attachment type-attachment status-inherit hentry  av-masonry-item-with-image av-grid-img' title=\"Puerta estilo Cl\u00e1sico\"  itemprop=\"thumbnailUrl\" ><div class='av-inner-masonry-sizer'><\/div><figure class='av-inner-masonry main_color'><div class=\"av-masonry-outerimage-container\"><div class=\"av-masonry-image-container\" style=\"background-image: url(https:\/\/metalicastellez.com\/wp-content\/uploads\/2019\/01\/Foto-14-10-05-17-11-52-487x705.jpg);\" title=\"Puerta estilo Cl\u00e1sico\" ><\/div><\/div><\/figure><\/a><!--end av-masonry entry--><a href=\"https:\/\/metalicastellez.com\/wp-content\/uploads\/2019\/01\/Foto-14-12-16-15-21-22-855x1030.jpg\" id='av-masonry-1-item-756' data-av-masonry-item='756' class='av-masonry-entry isotope-item post-756 attachment type-attachment status-inherit hentry  av-masonry-item-with-image av-grid-img' title=\"Puerta con Rejas\"  itemprop=\"thumbnailUrl\" ><div class='av-inner-masonry-sizer'><\/div><figure class='av-inner-masonry main_color'><div class=\"av-masonry-outerimage-container\"><div class=\"av-masonry-image-container\" style=\"background-image: url(https:\/\/metalicastellez.com\/wp-content\/uploads\/2019\/01\/Foto-14-12-16-15-21-22-585x705.jpg);\" title=\"Puerta con Rejas\" ><\/div><\/div><\/figure><\/a><!--end av-masonry entry--><a href=\"https:\/\/metalicastellez.com\/wp-content\/uploads\/2019\/01\/Foto-17-4-17-12-19-10-1030x693.jpg\" id='av-masonry-1-item-757' data-av-masonry-item='757' class='av-masonry-entry isotope-item post-757 attachment type-attachment status-inherit hentry  av-masonry-item-with-image av-grid-img' title=\"Rejas\"  itemprop=\"thumbnailUrl\" ><div class='av-inner-masonry-sizer'><\/div><figure class='av-inner-masonry main_color'><div class=\"av-masonry-outerimage-container\"><div class=\"av-masonry-image-container\" style=\"background-image: url(https:\/\/metalicastellez.com\/wp-content\/uploads\/2019\/01\/Foto-17-4-17-12-19-10-705x474.jpg);\" title=\"Rejas\" ><\/div><\/div><\/figure><\/a><!--end av-masonry entry--><a href=\"https:\/\/metalicastellez.com\/wp-content\/uploads\/2019\/01\/Foto-19-4-18-16-53-55-773x1030.jpg\" id='av-masonry-1-item-758' data-av-masonry-item='758' class='av-masonry-entry isotope-item post-758 attachment type-attachment status-inherit hentry  av-masonry-item-with-image av-grid-img' title=\"Puerta estilo Cl\u00e1sico\"  itemprop=\"thumbnailUrl\" ><div class='av-inner-masonry-sizer'><\/div><figure class='av-inner-masonry main_color'><div class=\"av-masonry-outerimage-container\"><div class=\"av-masonry-image-container\" style=\"background-image: url(https:\/\/metalicastellez.com\/wp-content\/uploads\/2019\/01\/Foto-19-4-18-16-53-55-529x705.jpg);\" title=\"Puerta estilo Cl\u00e1sico\" ><\/div><\/div><\/figure><\/a><!--end av-masonry entry--><a href=\"https:\/\/metalicastellez.com\/wp-content\/uploads\/2019\/01\/Foto-21-9-17-11-13-09-773x1030.jpg\" id='av-masonry-1-item-759' data-av-masonry-item='759' class='av-masonry-entry isotope-item post-759 attachment type-attachment status-inherit hentry  av-masonry-item-with-image av-grid-img' title=\"Puerta de Iglesia\"  itemprop=\"thumbnailUrl\" ><div class='av-inner-masonry-sizer'><\/div><figure class='av-inner-masonry main_color'><div class=\"av-masonry-outerimage-container\"><div class=\"av-masonry-image-container\" style=\"background-image: url(https:\/\/metalicastellez.com\/wp-content\/uploads\/2019\/01\/Foto-21-9-17-11-13-09-529x705.jpg);\" title=\"Puerta de Iglesia\" ><\/div><\/div><\/figure><\/a><!--end av-masonry entry--><a href=\"https:\/\/metalicastellez.com\/wp-content\/uploads\/2019\/01\/Foto-24-4-18-12-14-37.jpg\" id='av-masonry-1-item-760' data-av-masonry-item='760' class='av-masonry-entry isotope-item post-760 attachment type-attachment status-inherit hentry  av-masonry-item-with-image av-grid-img' title=\"Rejas\"  itemprop=\"thumbnailUrl\" ><div class='av-inner-masonry-sizer'><\/div><figure class='av-inner-masonry main_color'><div class=\"av-masonry-outerimage-container\"><div class=\"av-masonry-image-container\" style=\"background-image: url(https:\/\/metalicastellez.com\/wp-content\/uploads\/2019\/01\/Foto-24-4-18-12-14-37-705x605.jpg);\" title=\"Rejas\" ><\/div><\/div><\/figure><\/a><!--end av-masonry entry--><a href=\"https:\/\/metalicastellez.com\/wp-content\/uploads\/2019\/01\/Foto-31-5-18-10-05-11-626x1030.jpg\" id='av-masonry-1-item-761' data-av-masonry-item='761' class='av-masonry-entry isotope-item post-761 attachment type-attachment status-inherit hentry  av-masonry-item-with-image av-grid-img' title=\"Puerta estilo cl\u00e1sico\"  itemprop=\"thumbnailUrl\" ><div class='av-inner-masonry-sizer'><\/div><figure class='av-inner-masonry main_color'><div class=\"av-masonry-outerimage-container\"><div class=\"av-masonry-image-container\" style=\"background-image: url(https:\/\/metalicastellez.com\/wp-content\/uploads\/2019\/01\/Foto-31-5-18-10-05-11-429x705.jpg);\" title=\"Puerta estilo cl\u00e1sico\" ><\/div><\/div><\/figure><\/a><!--end av-masonry entry--><\/div><\/div><\/div>\n","protected":false},"excerpt":{"rendered":"","protected":false},"author":1,"featured_media":0,"parent":25,"menu_order":0,"comment_status":"closed","ping_status":"closed","template":"","meta":[],"_links":{"self":[{"href":"https:\/\/metalicastellez.com\/index.php\/wp-json\/wp\/v2\/pages\/135"}],"collection":[{"href":"https:\/\/metalicastellez.com\/index.php\/wp-json\/wp\/v2\/pages"}],"about":[{"href":"https:\/\/metalicastellez.com\/index.php\/wp-json\/wp\/v2\/types\/page"}],"author":[{"embeddable":true,"href":"https:\/\/metalicastellez.com\/index.php\/wp-json\/wp\/v2\/users\/1"}],"replies":[{"embeddable":true,"href":"https:\/\/metalicastellez.com\/index.php\/wp-json\/wp\/v2\/comments?post=135"}],"version-history":[{"count":5,"href":"https:\/\/metalicastellez.com\/index.php\/wp-json\/wp\/v2\/pages\/135\/revisions"}],"predecessor-version":[{"id":865,"href":"https:\/\/metalicastellez.com\/index.php\/wp-json\/wp\/v2\/pages\/135\/revisions\/865"}],"up":[{"embeddable":true,"href":"https:\/\/metalicastellez.com\/index.php\/wp-json\/wp\/v2\/pages\/25"}],"wp:attachment":[{"href":"https:\/\/metalicastellez.com\/index.php\/wp-json\/wp\/v2\/media?parent=135"}],"curies":[{"name":"wp","href":"https:\/\/api.w.org\/{rel}","templated":true}]}}