{"id":113,"date":"2015-10-22T14:34:37","date_gmt":"2015-10-22T14:34:37","guid":{"rendered":"http:\/\/test.kriesi.at\/construction\/?page_id=113"},"modified":"2019-01-23T15:40:33","modified_gmt":"2019-01-23T15:40:33","slug":"techos-panelados","status":"publish","type":"page","link":"https:\/\/metalicastellez.com\/index.php\/servicios\/techos-panelados\/","title":{"rendered":"Techos Panelados"},"content":{"rendered":"<div   data-size='featured_large'  data-lightbox_size='large'  data-animation='fade'  data-conditional_play=''  data-ids='368,364,365,366,367'  data-video_counter='0'  data-autoplay='true'  data-bg_slider='false'  data-slide_height=''  data-handle='av_slideshow'  data-interval='5'  data-class=' avia-builder-el-0  el_before_av_one_full  avia-builder-el-first  '  data-el_id=''  data-css_id=''  data-scroll_down=''  data-control_layout='av-control-minimal'  data-custom_markup=''  data-perma_caption=''  data-autoplay_stopper=''  data-image_attachment=''  data-min_height='0px'  data-default-height='42'  class='avia-slideshow avia-slideshow-1  av-control-minimal av-default-height-applied avia-slideshow-featured_large av_slideshow  avia-builder-el-0  el_before_av_one_full  avia-builder-el-first   avia-fade-slider '  itemprop=\"image\" itemscope=\"itemscope\" itemtype=\"https:\/\/schema.org\/ImageObject\" ><ul class='avia-slideshow-inner ' style='padding-bottom: 42%;' ><li  class=' slide-1 ' ><div data-rel='slideshow-1' class='avia-slide-wrap '   ><img src='https:\/\/metalicastellez.com\/wp-content\/uploads\/2019\/01\/Techos-Panelados.jpg' width='1500' height='630' title='Techos Panelados' alt=''  itemprop=\"thumbnailUrl\"   \/><\/div><\/li><li  class=' slide-2 ' ><div data-rel='slideshow-1' class='avia-slide-wrap '   ><img src='https:\/\/metalicastellez.com\/wp-content\/uploads\/2019\/01\/Techos-Panelados-2.jpg' width='1500' height='630' title='Techos Panelados' alt=''  itemprop=\"thumbnailUrl\"   \/><\/div><\/li><li  class=' slide-3 ' ><div data-rel='slideshow-1' class='avia-slide-wrap '   ><img src='https:\/\/metalicastellez.com\/wp-content\/uploads\/2019\/01\/Techos-Panelados-3.jpg' width='1500' height='630' title='Techos Panelados' alt=''  itemprop=\"thumbnailUrl\"   \/><\/div><\/li><li  class=' slide-4 ' ><div data-rel='slideshow-1' class='avia-slide-wrap '   ><img src='https:\/\/metalicastellez.com\/wp-content\/uploads\/2019\/01\/Techos-Panelados-4.jpg' width='1500' height='630' title='Techos Panelados' alt=''  itemprop=\"thumbnailUrl\"   \/><\/div><\/li><li  class=' slide-5 ' ><div data-rel='slideshow-1' class='avia-slide-wrap '   ><img src='https:\/\/metalicastellez.com\/wp-content\/uploads\/2019\/01\/Techos-Panelados-5.jpg' width='1500' height='630' title='Techos Panelados' alt=''  itemprop=\"thumbnailUrl\"   \/><\/div><\/li><\/ul><div class='avia-slideshow-arrows avia-slideshow-controls'><a href='#prev' class='prev-slide' aria-hidden='true' data-av_icon='\ue87c' data-av_iconfont='entypo-fontello'>Anterior<\/a><a href='#next' class='next-slide' aria-hidden='true' data-av_icon='\ue87d' data-av_iconfont='entypo-fontello'>Posterior<\/a><\/div><div class='avia-slideshow-dots avia-slideshow-controls'><a href='#1' class='goto-slide active' >1<\/a><a href='#2' class='goto-slide ' >2<\/a><a href='#3' class='goto-slide ' >3<\/a><a href='#4' class='goto-slide ' >4<\/a><a href='#5' class='goto-slide ' >5<\/a><\/div><\/div>\n<div class=\"flex_column av_one_full  av-animated-generic bottom-to-top  flex_column_div av-zero-column-padding first  avia-builder-el-1  el_after_av_slideshow  el_before_av_one_half  \" style='margin-top:0px; margin-bottom:0px; border-radius:0px; '><p><div  style='padding-bottom:0px; ' class='av-special-heading av-special-heading-h2  blockquote modern-quote  avia-builder-el-2  el_before_av_hr  avia-builder-el-first  '><h2 class='av-special-heading-tag '  itemprop=\"headline\"  >Techos Panelados<\/h2><div class='special-heading-border'><div class='special-heading-inner-border' ><\/div><\/div><\/div><br \/>\n<div  style=' margin-top:10px; margin-bottom:10px;'  class='hr hr-custom hr-left hr-icon-no   avia-builder-el-3  el_after_av_heading  avia-builder-el-last '><span class='hr-inner  inner-border-av-border-fat' style=' width:50px; border-color:#efbb20;' ><span class='hr-inner-style'><\/span><\/span><\/div><\/p><\/div>\n<div class=\"flex_column av_one_half  av-animated-generic bottom-to-top  flex_column_div av-zero-column-padding first  avia-builder-el-4  el_after_av_one_full  el_before_av_one_half  column-top-margin\" style='margin-top:0px; margin-bottom:0px; border-radius:0px; '><section class=\"av_textblock_section \"  itemscope=\"itemscope\" itemtype=\"https:\/\/schema.org\/CreativeWork\" ><div class='avia_textblock  '   itemprop=\"text\" ><p style=\"text-align: justify;\">Los techos son las estructuras m\u00e1s delicadas de las casas, a la vez que una de las m\u00e1s importantes. En <strong>Met\u00e1licas Tellez<\/strong> nos preocupamos de que todos los techos que instalamos sean fiables, y que usted no tenga que preocuparse por ellos.<\/p>\n<\/div><\/section><\/div>\n<div class=\"flex_column av_one_half  av-animated-generic bottom-to-top  flex_column_div av-zero-column-padding   avia-builder-el-6  el_after_av_one_half  el_before_av_one_full  column-top-margin\" style='margin-top:0px; margin-bottom:0px; border-radius:0px; '><section class=\"av_textblock_section \"  itemscope=\"itemscope\" itemtype=\"https:\/\/schema.org\/CreativeWork\" ><div class='avia_textblock  '   itemprop=\"text\" ><p style=\"text-align: justify;\">Son la soluci\u00f3n definitiva para terrazas o patios, que solo puede utilizar en verano. Hacemos los techos panelados duraderos y con el dise\u00f1o que usted quiera.<\/p>\n<\/div><\/section><\/div>\n<div class=\"flex_column av_one_full  flex_column_div av-zero-column-padding first  avia-builder-el-8  el_after_av_one_half  el_before_av_one_half  column-top-margin\" style='border-radius:0px; '><div  style=' margin-top:5px; margin-bottom:5px;'  class='hr hr-custom hr-center hr-icon-no   avia-builder-el-9  avia-builder-el-no-sibling '><span class='hr-inner  inner-border-av-border-thin' style=' width:95%; border-color:#e2e2e2;' ><span class='hr-inner-style'><\/span><\/span><\/div><\/div>\n<div class=\"flex_column av_one_half  av-animated-generic bottom-to-top  flex_column_div av-zero-column-padding first  avia-builder-el-10  el_after_av_one_full  el_before_av_one_half  column-top-margin\" style='border-radius:0px; '><p><div  style='padding-bottom:0px; ' class='av-special-heading av-special-heading-h2  blockquote modern-quote  avia-builder-el-11  el_before_av_hr  avia-builder-el-first  '><h2 class='av-special-heading-tag '  itemprop=\"headline\"  >Ideal para su Negocio<\/h2><div class='special-heading-border'><div class='special-heading-inner-border' ><\/div><\/div><\/div><br \/>\n<div  style=' margin-top:10px; margin-bottom:10px;'  class='hr hr-custom hr-left hr-icon-no   avia-builder-el-12  el_after_av_heading  el_before_av_textblock '><span class='hr-inner  inner-border-av-border-fat' style=' width:50px; border-color:#efbb20;' ><span class='hr-inner-style'><\/span><\/span><\/div><br \/>\n<section class=\"av_textblock_section \"  itemscope=\"itemscope\" itemtype=\"https:\/\/schema.org\/CreativeWork\" ><div class='avia_textblock  '   itemprop=\"text\" ><p style=\"text-align: justify;\">Ideales para usted, para su negocio, para esa parte del negocio en el que tiene que dejar cosas fuera pero se pueden mojar. Con nuestros techos podr\u00e1 seguir manteniendo las cosas al aire libre pero sin riesgo de que se mojen.<\/p>\n<\/div><\/section><\/p><\/div>\n<div class=\"flex_column av_one_half  av-animated-generic bottom-to-top  flex_column_div av-zero-column-padding   avia-builder-el-14  el_after_av_one_half  avia-builder-el-last  column-top-margin\" style='border-radius:0px; '><div id='av-masonry-1' class='av-masonry  noHover av-fixed-size av-large-gap av-hover-overlay- av-masonry-animation-active av-masonry-col-3 av-caption-always av-caption-style- av-masonry-gallery     '  ><div class='av-masonry-container isotope av-js-disabled ' ><div class='av-masonry-entry isotope-item av-masonry-item-no-image '><\/div><a href=\"https:\/\/metalicastellez.com\/wp-content\/uploads\/2019\/01\/Foto-10-5-18-12-36-03.jpg\" id='av-masonry-1-item-767' data-av-masonry-item='767' class='av-masonry-entry isotope-item post-767 attachment type-attachment status-inherit hentry  av-masonry-item-with-image av-grid-img' title=\"Techo Panelado\"  itemprop=\"thumbnailUrl\" ><div class='av-inner-masonry-sizer'><\/div><figure class='av-inner-masonry main_color'><div class=\"av-masonry-outerimage-container\"><div class=\"av-masonry-image-container\" style=\"background-image: url(https:\/\/metalicastellez.com\/wp-content\/uploads\/2019\/01\/Foto-10-5-18-12-36-03-705x529.jpg);\" title=\"Techo Panelado\" ><\/div><\/div><\/figure><\/a><!--end av-masonry entry--><a href=\"https:\/\/metalicastellez.com\/wp-content\/uploads\/2019\/01\/Foto-10-5-18-12-42-38.jpg\" id='av-masonry-1-item-768' data-av-masonry-item='768' class='av-masonry-entry isotope-item post-768 attachment type-attachment status-inherit hentry  av-masonry-item-with-image av-grid-img' title=\"Techo Panelado\"  itemprop=\"thumbnailUrl\" ><div class='av-inner-masonry-sizer'><\/div><figure class='av-inner-masonry main_color'><div class=\"av-masonry-outerimage-container\"><div class=\"av-masonry-image-container\" style=\"background-image: url(https:\/\/metalicastellez.com\/wp-content\/uploads\/2019\/01\/Foto-10-5-18-12-42-38-705x529.jpg);\" title=\"Techo Panelado\" ><\/div><\/div><\/figure><\/a><!--end av-masonry entry--><a href=\"https:\/\/metalicastellez.com\/wp-content\/uploads\/2019\/01\/Foto-17-12-18-13-28-31.jpg\" id='av-masonry-1-item-769' data-av-masonry-item='769' class='av-masonry-entry isotope-item post-769 attachment type-attachment status-inherit hentry  av-masonry-item-with-image av-grid-img' title=\"Techo Panelado\"  itemprop=\"thumbnailUrl\" ><div class='av-inner-masonry-sizer'><\/div><figure class='av-inner-masonry main_color'><div class=\"av-masonry-outerimage-container\"><div class=\"av-masonry-image-container\" style=\"background-image: url(https:\/\/metalicastellez.com\/wp-content\/uploads\/2019\/01\/Foto-17-12-18-13-28-31-705x529.jpg);\" title=\"Techo Panelado\" ><\/div><\/div><\/figure><\/a><!--end av-masonry entry--><a href=\"https:\/\/metalicastellez.com\/wp-content\/uploads\/2019\/01\/Foto-18-12-18-8-43-17.jpg\" id='av-masonry-1-item-770' data-av-masonry-item='770' class='av-masonry-entry isotope-item post-770 attachment type-attachment status-inherit hentry  av-masonry-item-with-image av-grid-img' title=\"Techo Panelado\"  itemprop=\"thumbnailUrl\" ><div class='av-inner-masonry-sizer'><\/div><figure class='av-inner-masonry main_color'><div class=\"av-masonry-outerimage-container\"><div class=\"av-masonry-image-container\" style=\"background-image: url(https:\/\/metalicastellez.com\/wp-content\/uploads\/2019\/01\/Foto-18-12-18-8-43-17-705x582.jpg);\" title=\"Techo Panelado\" ><\/div><\/div><\/figure><\/a><!--end av-masonry entry--><a href=\"https:\/\/metalicastellez.com\/wp-content\/uploads\/2019\/01\/Foto-18-12-18-8-43-36.jpg\" id='av-masonry-1-item-771' data-av-masonry-item='771' class='av-masonry-entry isotope-item post-771 attachment type-attachment status-inherit hentry  av-masonry-item-with-image av-grid-img' title=\"Techo Panelado\"  itemprop=\"thumbnailUrl\" ><div class='av-inner-masonry-sizer'><\/div><figure class='av-inner-masonry main_color'><div class=\"av-masonry-outerimage-container\"><div class=\"av-masonry-image-container\" style=\"background-image: url(https:\/\/metalicastellez.com\/wp-content\/uploads\/2019\/01\/Foto-18-12-18-8-43-36-705x597.jpg);\" title=\"Techo Panelado\" ><\/div><\/div><\/figure><\/a><!--end av-masonry entry--><a href=\"https:\/\/metalicastellez.com\/wp-content\/uploads\/2019\/01\/Foto-21-5-18-13-17-51.jpg\" id='av-masonry-1-item-772' data-av-masonry-item='772' class='av-masonry-entry isotope-item post-772 attachment type-attachment status-inherit hentry  av-masonry-item-with-image av-grid-img' title=\"Techo Panelado\"  itemprop=\"thumbnailUrl\" ><div class='av-inner-masonry-sizer'><\/div><figure class='av-inner-masonry main_color'><div class=\"av-masonry-outerimage-container\"><div class=\"av-masonry-image-container\" style=\"background-image: url(https:\/\/metalicastellez.com\/wp-content\/uploads\/2019\/01\/Foto-21-5-18-13-17-51-705x529.jpg);\" title=\"Techo Panelado\" ><\/div><\/div><\/figure><\/a><!--end av-masonry entry--><a href=\"https:\/\/metalicastellez.com\/wp-content\/uploads\/2019\/01\/Foto-21-5-18-14-38-04.jpg\" id='av-masonry-1-item-773' data-av-masonry-item='773' class='av-masonry-entry isotope-item post-773 attachment type-attachment status-inherit hentry  av-masonry-item-with-image av-grid-img' title=\"Techo Panelado\"  itemprop=\"thumbnailUrl\" ><div class='av-inner-masonry-sizer'><\/div><figure class='av-inner-masonry main_color'><div class=\"av-masonry-outerimage-container\"><div class=\"av-masonry-image-container\" style=\"background-image: url(https:\/\/metalicastellez.com\/wp-content\/uploads\/2019\/01\/Foto-21-5-18-14-38-04-705x449.jpg);\" title=\"Techo Panelado\" ><\/div><\/div><\/figure><\/a><!--end av-masonry entry--><a href=\"https:\/\/metalicastellez.com\/wp-content\/uploads\/2019\/01\/Foto-21-5-18-14-38-40.jpg\" id='av-masonry-1-item-774' data-av-masonry-item='774' class='av-masonry-entry isotope-item post-774 attachment type-attachment status-inherit hentry  av-masonry-item-with-image av-grid-img' title=\"c\"  itemprop=\"thumbnailUrl\" ><div class='av-inner-masonry-sizer'><\/div><figure class='av-inner-masonry main_color'><div class=\"av-masonry-outerimage-container\"><div class=\"av-masonry-image-container\" style=\"background-image: url(https:\/\/metalicastellez.com\/wp-content\/uploads\/2019\/01\/Foto-21-5-18-14-38-40-705x541.jpg);\" title=\"c\" ><\/div><\/div><\/figure><\/a><!--end av-masonry entry--><a href=\"https:\/\/metalicastellez.com\/wp-content\/uploads\/2019\/01\/Foto-21-5-18-14-45-38.jpg\" id='av-masonry-1-item-775' data-av-masonry-item='775' class='av-masonry-entry isotope-item post-775 attachment type-attachment status-inherit hentry  av-masonry-item-with-image av-grid-img' title=\"Techo Panelado\"  itemprop=\"thumbnailUrl\" ><div class='av-inner-masonry-sizer'><\/div><figure class='av-inner-masonry main_color'><div class=\"av-masonry-outerimage-container\"><div class=\"av-masonry-image-container\" style=\"background-image: url(https:\/\/metalicastellez.com\/wp-content\/uploads\/2019\/01\/Foto-21-5-18-14-45-38-705x529.jpg);\" title=\"Techo Panelado\" ><\/div><\/div><\/figure><\/a><!--end av-masonry entry--><\/div><\/div><\/div>\n","protected":false},"excerpt":{"rendered":"","protected":false},"author":1,"featured_media":0,"parent":25,"menu_order":0,"comment_status":"closed","ping_status":"closed","template":"","meta":[],"_links":{"self":[{"href":"https:\/\/metalicastellez.com\/index.php\/wp-json\/wp\/v2\/pages\/113"}],"collection":[{"href":"https:\/\/metalicastellez.com\/index.php\/wp-json\/wp\/v2\/pages"}],"about":[{"href":"https:\/\/metalicastellez.com\/index.php\/wp-json\/wp\/v2\/types\/page"}],"author":[{"embeddable":true,"href":"https:\/\/metalicastellez.com\/index.php\/wp-json\/wp\/v2\/users\/1"}],"replies":[{"embeddable":true,"href":"https:\/\/metalicastellez.com\/index.php\/wp-json\/wp\/v2\/comments?post=113"}],"version-history":[{"count":5,"href":"https:\/\/metalicastellez.com\/index.php\/wp-json\/wp\/v2\/pages\/113\/revisions"}],"predecessor-version":[{"id":766,"href":"https:\/\/metalicastellez.com\/index.php\/wp-json\/wp\/v2\/pages\/113\/revisions\/766"}],"up":[{"embeddable":true,"href":"https:\/\/metalicastellez.com\/index.php\/wp-json\/wp\/v2\/pages\/25"}],"wp:attachment":[{"href":"https:\/\/metalicastellez.com\/index.php\/wp-json\/wp\/v2\/media?parent=113"}],"curies":[{"name":"wp","href":"https:\/\/api.w.org\/{rel}","templated":true}]}}